{"id":38,"date":"2025-09-22T19:26:10","date_gmt":"2025-09-22T19:26:10","guid":{"rendered":"https:\/\/avenuedesventes.com\/index.php\/reset\/"},"modified":"2025-09-22T19:26:10","modified_gmt":"2025-09-22T19:26:10","slug":"reset","status":"publish","type":"page","link":"https:\/\/avenuedesventes.com\/index.php\/reset\/","title":{"rendered":"Reset Password"},"content":{"rendered":"<div class=\"uwp-reset-class bsui sdel-52a20fce\" ><div class=\"uwp_widgets uwp_widget_reset\"><div class=\"uwp_page\">\t<div class=\"row\">\n\t\t<div class=\"card mx-auto container-fluid p-0 border-0\" >\n\t\t\t<div class=\"card-body\">\n\t\t\t\t<h3 class=\"card-title text-center mb-4\">R\u00e9initialiser le mot de passe<\/h3>\n\t\t\t\t\n\t\t\t\t<div class=\"alert alert-danger \" role=\"alert\" ><i class=\"fas fa-exclamation-circle\"><\/i> Vous ne pouvez pas acc\u00e9der directement \u00e0 cette page. Suivez le lien de r\u00e9initialisation de mot de passe que vous avez re\u00e7u dans votre e-mail. Pour demander un nouveau lien de r\u00e9initialisation de mot de passe <a href=\"https:\/\/avenuedesventes.com\/index.php\/forgot\/\">voir ici<\/a>.<\/div>\n\t\t\t\t<div class=\"uwp-footer-links\">\n\t\t\t\t\t<div class=\"uwp-footer-link float-start\">\n\t\t\t\t\t\t<a href=\"https:\/\/avenuedesventes.com\/\" class=\"d-block text-center mt-2 small\"  rel=\"nofollow\"  >Se connecter<\/a>\n\t\t\t\t\t<\/div>\n\t\t\t\t\t<div class=\"uwp-footer-link float-end\">\n\t\t\t\t\t\t<a href=\"https:\/\/avenuedesventes.com\/index.php\/register\/\" class=\"d-block text-center mt-2 small\"  rel=\"nofollow\"  >Cr\u00e9er un compte<\/a>\n\t\t\t\t\t<\/div>\n\t\t\t\t<\/div>\n\n\t\t\t<\/div>\n\t\t<\/div>\n\t<\/div>\n<\/div><\/div>\t<script>\n        jQuery( document ).ready( function( $ ) {\n\n            $( 'body' ).on( 'keyup', 'input[name=password], input[name=confirm_password]',\n                function( event ) {\n                    var $form = $(this).closest('form');\n                    if( ! $form.hasClass('uwp-login-form') ) {\n                        uwp_checkPasswordStrength(\n                            $('input[name=password]', $form),         \/\/ First password field\n                            $('input[name=confirm_password]', $form), \/\/ Second password field\n                            $('#uwp-password-strength', $form),           \/\/ Strength meter\n                            $('input[type=submit]', $form),           \/\/ Submit button\n                            ['black', 'listed', 'word']        \/\/ Blacklisted words\n                        );\n                    }\n                }\n            );\n        });\n\t<\/script><\/div>\n","protected":false},"excerpt":{"rendered":"","protected":false},"author":1,"featured_media":0,"parent":0,"menu_order":0,"comment_status":"closed","ping_status":"closed","template":"","meta":{"footnotes":""},"class_list":["post-38","page","type-page","status-publish","hentry"],"_links":{"self":[{"href":"https:\/\/avenuedesventes.com\/index.php\/wp-json\/wp\/v2\/pages\/38","targetHints":{"allow":["GET"]}}],"collection":[{"href":"https:\/\/avenuedesventes.com\/index.php\/wp-json\/wp\/v2\/pages"}],"about":[{"href":"https:\/\/avenuedesventes.com\/index.php\/wp-json\/wp\/v2\/types\/page"}],"author":[{"embeddable":true,"href":"https:\/\/avenuedesventes.com\/index.php\/wp-json\/wp\/v2\/users\/1"}],"replies":[{"embeddable":true,"href":"https:\/\/avenuedesventes.com\/index.php\/wp-json\/wp\/v2\/comments?post=38"}],"version-history":[{"count":0,"href":"https:\/\/avenuedesventes.com\/index.php\/wp-json\/wp\/v2\/pages\/38\/revisions"}],"wp:attachment":[{"href":"https:\/\/avenuedesventes.com\/index.php\/wp-json\/wp\/v2\/media?parent=38"}],"curies":[{"name":"wp","href":"https:\/\/api.w.org\/{rel}","templated":true}]}}