{"id":35,"date":"2025-09-22T19:26:10","date_gmt":"2025-09-22T19:26:10","guid":{"rendered":"https:\/\/avenuedesventes.com\/index.php\/login\/"},"modified":"2025-10-27T18:41:40","modified_gmt":"2025-10-27T18:41:40","slug":"login","status":"publish","type":"page","link":"https:\/\/avenuedesventes.com\/","title":{"rendered":"Connectez-vous pour voir les offres des commer\u00e7ants de votre ville"},"content":{"rendered":"\t\t<div data-elementor-type=\"wp-page\" data-elementor-id=\"35\" class=\"elementor elementor-35\">\n\t\t\t\t<div class=\"elementor-element elementor-element-7b54944 e-con-full elementor-hidden-tablet elementor-hidden-mobile e-flex e-con e-parent\" data-id=\"7b54944\" data-element_type=\"container\">\n\t\t<div class=\"elementor-element elementor-element-b1ab2ef e-con-full e-flex e-con e-child\" data-id=\"b1ab2ef\" data-element_type=\"container\">\n\t\t\t\t<div class=\"elementor-element elementor-element-c254ab4 elementor-widget elementor-widget-text-editor\" data-id=\"c254ab4\" data-element_type=\"widget\" data-widget_type=\"text-editor.default\">\n\t\t\t\t\t\t\t\t\t<p>Profitez des ventes exceptionnelles propos\u00e9es par les commer\u00e7ants de votre ville en vous connectant. Pas encore de compte ? <strong><span style=\"color: #00ccff;\"><a style=\"color: #00ccff;\" href=\"\/\">Cr\u00e9er un compte gratuitement<\/a><\/span><\/strong><\/p>\t\t\t\t\t\t\t\t<\/div>\n\t\t\t\t<\/div>\n\t\t\t\t<\/div>\n\t\t<div class=\"elementor-element elementor-element-18a8f82 e-con-full elementor-hidden-tablet elementor-hidden-mobile e-flex e-con e-parent\" data-id=\"18a8f82\" data-element_type=\"container\" data-settings=\"{&quot;background_background&quot;:&quot;video&quot;,&quot;background_video_link&quot;:&quot;http:\\\/\\\/avenuedesventes.com\\\/wp-content\\\/uploads\\\/2025\\\/09\\\/videoheader.mp4&quot;}\">\n\t\t<div class=\"elementor-background-video-container elementor-hidden-mobile\" aria-hidden=\"true\">\n\t\t\t\t\t\t\t<video class=\"elementor-background-video-hosted\" autoplay muted playsinline loop><\/video>\n\t\t\t\t\t<\/div><div class=\"elementor-element elementor-element-49d73cb e-con-full e-flex e-con e-child\" data-id=\"49d73cb\" data-element_type=\"container\">\n\t\t\t\t<div class=\"elementor-element elementor-element-eaaa5ab elementor-widget elementor-widget-text-editor\" data-id=\"eaaa5ab\" data-element_type=\"widget\" data-widget_type=\"text-editor.default\">\n\t\t\t\t\t\t\t\t\t<h5 style=\"text-align: center;\"><span style=\"color: #ffffff;\"><em>\u00ab\u00a0Ici vous ne trouverez rien \u00e0 acheter en ligne,\u00a0<\/em><em>nous allons vous faire venir en magasin, et cela ne sera pas par hasard !\u00a0\u00bb<\/em><\/span><\/h5>\t\t\t\t\t\t\t\t<\/div>\n\t\t\t\t<div class=\"elementor-element elementor-element-df1728e elementor-widget elementor-widget-heading\" data-id=\"df1728e\" data-element_type=\"widget\" data-widget_type=\"heading.default\">\n\t\t\t\t\t<h1 class=\"elementor-heading-title elementor-size-default\"><a href=\"\/\">AVENUE DES VENTES<\/a><\/h1>\t\t\t\t<\/div>\n\t\t\t\t<div class=\"elementor-element elementor-element-cc5ccf9 elementor-widget elementor-widget-text-editor\" data-id=\"cc5ccf9\" data-element_type=\"widget\" data-widget_type=\"text-editor.default\">\n\t\t\t\t\t\t\t\t\t<h4 style=\"text-align: center;\"><span style=\"color: #ffffff;\">Des offres in\u00e9dites \u00e0 saisir aupr\u00e8s des commer\u00e7ants de votre commune !<\/span><\/h4>\t\t\t\t\t\t\t\t<\/div>\n\t\t\t\t<\/div>\n\t\t<div class=\"elementor-element elementor-element-16a2048 e-con-full e-flex e-con e-child\" data-id=\"16a2048\" data-element_type=\"container\">\n\t\t\t\t<div class=\"elementor-element elementor-element-29cdc9aa elementor-widget elementor-widget-shortcode\" data-id=\"29cdc9aa\" data-element_type=\"widget\" data-widget_type=\"shortcode.default\">\n\t\t\t\t\t\t\t<div class=\"elementor-shortcode\"><div class=\"uwp-login-class bsui sdel-dc2db578\" ><div class=\"uwp_page\"><div class=\"row\">\n\t<div class=\"card mx-auto container-fluid p-0 border-0\" >\n\t\t\t\t\t<div class=\"card-body\">\n\t\t\t\t<h3 class=\"card-title text-center mb-4\">Se connecter<\/h3>\t\t\t\t<form class=\"uwp-login-form uwp_form\" method=\"post\">\n\n\t\t\t\t\t<div data-argument=\"username\" class=\"mb-3\" ><label for=\"username\" class=\"visually-hidden form-label\">Nom d\u2019utilisateur\/utilisatrice ou e-mail <span class=\"text-danger\">*<\/span><\/label><input type=\"text\"  name=\"username\"  id=\"username\"  placeholder=\"Nom d\u2019utilisateur\/utilisatrice ou e-mail *\"  title=\"Nom d\u2019utilisateur\/utilisatrice ou e-mail\"  required  class=\"form-control \" ><\/div><div data-argument=\"password\" class=\"mb-3 uwp-password-wrap\" ><label for=\"password\" class=\"visually-hidden form-label\">Password <span class=\"text-danger\">*<\/span><\/label><div class=\"input-group\" ><input type=\"password\"  name=\"password\"  id=\"password\"  placeholder=\"Password *\"  title=\"Password\"  required  class=\"form-control \" ><span class=\"input-group-text top-0 end-0 c-pointer px-3\" \nonclick=\"var $el = jQuery(this).find('i');$el.toggleClass('fa-eye fa-eye-slash');\nvar $eli = jQuery(this).parent().parent().find('input');\nif($el.hasClass('fa-eye'))\n{$eli.attr('type','text');}\nelse{$eli.attr('type','password');}\"\n><i class=\"far fa-fw fa-width-fixed fa-eye-slash\"><\/i><\/span><\/div><\/div><input type=\"hidden\" name=\"uwp_login_nonce\" value=\"17ebbc7a6f\" \/>\n\t\t\t\t\t<div class=\"uwp-remember-me custom-checkbox mb-3\">\n                        <div data-argument=\"remember_me\" class=\"mb-3\" ><div class=\"form-check\" ><input type=\"hidden\" name=\"remember_me\" value=\"0\" \/><input type=\"checkbox\"  name=\"remember_me\"  id=\"remember_me\"  value=\"forever\"  class=\"form-check-input c-pointer\" ><label for=\"remember_me\" class=\"form-check-label form-label\">Se souvenir de moi<\/label><\/div><\/div>\t\t\t\t\t<\/div>\n\n\t\t\t\t\t<button type=\"submit\"  name=\"uwp_login_submit\"  class=\"btn btn-primary w-100 text-uppercase uwp_login_submit\"  >Se connecter<\/button>\n\n\t\t\t\t<\/form>\n\n                <div class=\"uwp-footer-links\">\n                    <div class=\"uwp-footer-link d-inline-block\">\n\t\t\t\t\t\t<a href=\"https:\/\/avenuedesventes.com\/index.php\/register\/\" class=\"d-block text-center mt-2 small uwp-register-link\"  rel=\"nofollow\"  >Cr\u00e9er un compte<\/a>\n                    <\/div>\n                    <div class=\"uwp-footer-link float-end\">\n\t\t\t\t\t\t<a href=\"https:\/\/avenuedesventes.com\/index.php\/forgot\/\" class=\"d-block text-center mt-2 small uwp-forgot-password-link\"  rel=\"nofollow\"  >Forgot password?<\/a>\n                    <\/div>\n                <\/div>\n\n                <div class=\"mb-3 text-center mb-0 p-0\">\n\t\t\t\t\t                <\/div>\n\n\t\t\t<\/div>\n\t<\/div>\n<\/div>\n<\/div><\/div><\/div>\n\t\t\t\t\t\t<\/div>\n\t\t\t\t<\/div>\n\t\t\t\t<\/div>\n\t\t<div class=\"elementor-element elementor-element-b460657 e-con-full elementor-hidden-desktop e-flex e-con e-parent\" data-id=\"b460657\" data-element_type=\"container\" data-settings=\"{&quot;background_background&quot;:&quot;video&quot;,&quot;background_video_link&quot;:&quot;http:\\\/\\\/avenuedesventes.com\\\/wp-content\\\/uploads\\\/2025\\\/09\\\/videoheader.mp4&quot;,&quot;background_video_start&quot;:0,&quot;background_video_end&quot;:70,&quot;background_play_on_mobile&quot;:&quot;yes&quot;}\">\n\t\t<div class=\"elementor-background-video-container\" aria-hidden=\"true\">\n\t\t\t\t\t\t\t<video class=\"elementor-background-video-hosted\" autoplay muted playsinline loop><\/video>\n\t\t\t\t\t<\/div><div class=\"elementor-element elementor-element-8825ae1 e-con-full e-flex e-con e-child\" data-id=\"8825ae1\" data-element_type=\"container\">\n\t\t\t\t<div class=\"elementor-element elementor-element-b7e6451 elementor-widget elementor-widget-heading\" data-id=\"b7e6451\" data-element_type=\"widget\" data-widget_type=\"heading.default\">\n\t\t\t\t\t<p class=\"elementor-heading-title elementor-size-default\"><a href=\"\/\">AVENUEDESVENTES<\/a><\/p>\t\t\t\t<\/div>\n\t\t\t\t<div class=\"elementor-element elementor-element-cd6543e elementor-widget elementor-widget-heading\" data-id=\"cd6543e\" data-element_type=\"widget\" data-widget_type=\"heading.default\">\n\t\t\t\t\t<h2 class=\"elementor-heading-title elementor-size-default\">Ici vous ne trouverez rien \u00e0 acheter en ligne, nous allons vous faire venir en magasin, et cela ne sera pas par hasard !<\/h2>\t\t\t\t<\/div>\n\t\t\t\t<\/div>\n\t\t<div class=\"elementor-element elementor-element-3631149 e-con-full e-flex e-con e-child\" data-id=\"3631149\" data-element_type=\"container\">\n\t\t\t\t<div class=\"elementor-element elementor-element-b051a69 elementor-widget-mobile__width-inherit elementor-widget elementor-widget-shortcode\" data-id=\"b051a69\" data-element_type=\"widget\" data-widget_type=\"shortcode.default\">\n\t\t\t\t\t\t\t<div class=\"elementor-shortcode\"><div class=\"uwp-login-class bsui sdel-dc2db578\" ><div class=\"uwp_page\"><div class=\"row\">\n\t<div class=\"card mx-auto container-fluid p-0 border-0\" >\n\t\t\t\t\t<div class=\"card-body\">\n\t\t\t\t<h3 class=\"card-title text-center mb-4\">Se connecter<\/h3>\t\t\t\t<form class=\"uwp-login-form uwp_form\" method=\"post\">\n\n\t\t\t\t\t<div data-argument=\"username\" class=\"mb-3\" ><label for=\"username\" class=\"visually-hidden form-label\">Nom d\u2019utilisateur\/utilisatrice ou e-mail <span class=\"text-danger\">*<\/span><\/label><input type=\"text\"  name=\"username\"  id=\"username\"  placeholder=\"Nom d\u2019utilisateur\/utilisatrice ou e-mail *\"  title=\"Nom d\u2019utilisateur\/utilisatrice ou e-mail\"  required  class=\"form-control \" ><\/div><div data-argument=\"password\" class=\"mb-3 uwp-password-wrap\" ><label for=\"password\" class=\"visually-hidden form-label\">Password <span class=\"text-danger\">*<\/span><\/label><div class=\"input-group\" ><input type=\"password\"  name=\"password\"  id=\"password\"  placeholder=\"Password *\"  title=\"Password\"  required  class=\"form-control \" ><span class=\"input-group-text top-0 end-0 c-pointer px-3\" \nonclick=\"var $el = jQuery(this).find('i');$el.toggleClass('fa-eye fa-eye-slash');\nvar $eli = jQuery(this).parent().parent().find('input');\nif($el.hasClass('fa-eye'))\n{$eli.attr('type','text');}\nelse{$eli.attr('type','password');}\"\n><i class=\"far fa-fw fa-width-fixed fa-eye-slash\"><\/i><\/span><\/div><\/div><input type=\"hidden\" name=\"uwp_login_nonce\" value=\"17ebbc7a6f\" \/>\n\t\t\t\t\t<div class=\"uwp-remember-me custom-checkbox mb-3\">\n                        <div data-argument=\"remember_me\" class=\"mb-3\" ><div class=\"form-check\" ><input type=\"hidden\" name=\"remember_me\" value=\"0\" \/><input type=\"checkbox\"  name=\"remember_me\"  id=\"remember_me\"  value=\"forever\"  class=\"form-check-input c-pointer\" ><label for=\"remember_me\" class=\"form-check-label form-label\">Se souvenir de moi<\/label><\/div><\/div>\t\t\t\t\t<\/div>\n\n\t\t\t\t\t<button type=\"submit\"  name=\"uwp_login_submit\"  class=\"btn btn-primary w-100 text-uppercase uwp_login_submit\"  >Se connecter<\/button>\n\n\t\t\t\t<\/form>\n\n                <div class=\"uwp-footer-links\">\n                    <div class=\"uwp-footer-link d-inline-block\">\n\t\t\t\t\t\t<a href=\"https:\/\/avenuedesventes.com\/index.php\/register\/\" class=\"d-block text-center mt-2 small uwp-register-link\"  rel=\"nofollow\"  >Cr\u00e9er un compte<\/a>\n                    <\/div>\n                    <div class=\"uwp-footer-link float-end\">\n\t\t\t\t\t\t<a href=\"https:\/\/avenuedesventes.com\/index.php\/forgot\/\" class=\"d-block text-center mt-2 small uwp-forgot-password-link\"  rel=\"nofollow\"  >Forgot password?<\/a>\n                    <\/div>\n                <\/div>\n\n                <div class=\"mb-3 text-center mb-0 p-0\">\n\t\t\t\t\t                <\/div>\n\n\t\t\t<\/div>\n\t<\/div>\n<\/div>\n<\/div><\/div><\/div>\n\t\t\t\t\t\t<\/div>\n\t\t\t\t<\/div>\n\t\t\t\t<\/div>\n\t\t<div class=\"elementor-element elementor-element-1c5a92e e-con-full elementor-hidden-desktop elementor-hidden-tablet e-flex e-con e-parent\" data-id=\"1c5a92e\" data-element_type=\"container\">\n\t\t<div class=\"elementor-element elementor-element-1132cad e-con-full e-flex e-con e-child\" data-id=\"1132cad\" data-element_type=\"container\">\n\t\t\t\t<div class=\"elementor-element elementor-element-068f0a1 elementor-widget-mobile__width-inherit elementor-widget elementor-widget-text-editor\" data-id=\"068f0a1\" data-element_type=\"widget\" data-widget_type=\"text-editor.default\">\n\t\t\t\t\t\t\t\t\tProfitez des ventes exceptionnelles propos\u00e9es par les commer\u00e7ants de votre ville en vous connectant. Pas encore de compte ?\n\n<br><a style=\"color: #00ccff;\" href=\"\/\">Cr\u00e9er un compte gratuitement<\/a>\t\t\t\t\t\t\t\t<\/div>\n\t\t\t\t<\/div>\n\t\t\t\t<\/div>\n\t\t\t\t<\/div>\n\t\t","protected":false},"excerpt":{"rendered":"<p>Profitez des ventes exceptionnelles propos\u00e9es par les commer\u00e7ants de votre ville en vous connectant. Pas encore de compte ? Cr\u00e9er un compte gratuitement \u00ab\u00a0Ici vous ne trouverez rien \u00e0 acheter en ligne,\u00a0nous allons vous faire venir en magasin, et cela ne sera pas par hasard !\u00a0\u00bb AVENUE DES VENTES Des offres in\u00e9dites \u00e0 saisir aupr\u00e8s [&hellip;]<\/p>\n","protected":false},"author":1,"featured_media":0,"parent":0,"menu_order":0,"comment_status":"closed","ping_status":"closed","template":"","meta":{"footnotes":""},"class_list":["post-35","page","type-page","status-publish","hentry"],"_links":{"self":[{"href":"https:\/\/avenuedesventes.com\/index.php\/wp-json\/wp\/v2\/pages\/35","targetHints":{"allow":["GET"]}}],"collection":[{"href":"https:\/\/avenuedesventes.com\/index.php\/wp-json\/wp\/v2\/pages"}],"about":[{"href":"https:\/\/avenuedesventes.com\/index.php\/wp-json\/wp\/v2\/types\/page"}],"author":[{"embeddable":true,"href":"https:\/\/avenuedesventes.com\/index.php\/wp-json\/wp\/v2\/users\/1"}],"replies":[{"embeddable":true,"href":"https:\/\/avenuedesventes.com\/index.php\/wp-json\/wp\/v2\/comments?post=35"}],"version-history":[{"count":0,"href":"https:\/\/avenuedesventes.com\/index.php\/wp-json\/wp\/v2\/pages\/35\/revisions"}],"wp:attachment":[{"href":"https:\/\/avenuedesventes.com\/index.php\/wp-json\/wp\/v2\/media?parent=35"}],"curies":[{"name":"wp","href":"https:\/\/api.w.org\/{rel}","templated":true}]}}